{"id":9911,"date":"2025-07-05T03:08:52","date_gmt":"2025-07-05T01:08:52","guid":{"rendered":"https:\/\/burgers-shack.com\/product\/lemon-herb\/"},"modified":"2025-07-06T05:37:02","modified_gmt":"2025-07-06T03:37:02","slug":"lemon-herb","status":"publish","type":"product","link":"https:\/\/burgers-shack.com\/de\/produkt\/lemon-herb\/","title":{"rendered":"LEMON &amp; HERB"},"content":{"rendered":"","protected":false},"excerpt":{"rendered":"<p id=\"tw-target-text\" class=\"tw-data-text tw-text-large tw-ta\" dir=\"ltr\" data-placeholder=\"Translation\" data-ved=\"2ahUKEwiysbfouaSOAxW3QvEDHT1sCqkQ3ewLegQICRAV\" aria-label=\"Translated text: French Fries with Crispy Chicken Fillet Strips, Caramelized Onion, Grilled Pepper Mix, Dipped in Cheddar Cheese with Lemon &amp; Herb Sauce Pommes Frites mit H\u00e4hnchenfiletstreifen Knusprige W\u00fcrfel in Cheddar-K\u00e4se gedippt, caramelized Zwiebel, grilled Paprika Lemon &amp; Herb Sauce\"><span class=\"Y2IQFc\" lang=\"en\">Pommes Frites mit H\u00e4hnchenfiletstreifen Knusprige W\u00fcrfel in Cheddar-K\u00e4se gedippt, karamellisierte Zwiebel, gegrillte Paprika Lemon &amp; Herb Sauce<\/span><\/p>\n","protected":false},"featured_media":9907,"template":"","meta":{"_coblocks_attr":"","_coblocks_dimensions":"","_coblocks_responsive_height":"","_coblocks_accordion_ie_support":"","_themeisle_gutenberg_block_has_review":false},"product_brand":[],"product_cat":[152],"product_tag":[],"class_list":{"0":"post-9911","1":"product","2":"type-product","3":"status-publish","4":"has-post-thumbnail","6":"product_cat-gefullte-chips-oder-reis","8":"first","9":"instock","10":"taxable","11":"shipping-taxable","12":"purchasable","13":"product-type-simple"},"_links":{"self":[{"href":"https:\/\/burgers-shack.com\/de\/wp-json\/wp\/v2\/product\/9911","targetHints":{"allow":["GET"]}}],"collection":[{"href":"https:\/\/burgers-shack.com\/de\/wp-json\/wp\/v2\/product"}],"about":[{"href":"https:\/\/burgers-shack.com\/de\/wp-json\/wp\/v2\/types\/product"}],"wp:featuredmedia":[{"embeddable":true,"href":"https:\/\/burgers-shack.com\/de\/wp-json\/wp\/v2\/media\/9907"}],"wp:attachment":[{"href":"https:\/\/burgers-shack.com\/de\/wp-json\/wp\/v2\/media?parent=9911"}],"wp:term":[{"taxonomy":"product_brand","embeddable":true,"href":"https:\/\/burgers-shack.com\/de\/wp-json\/wp\/v2\/product_brand?post=9911"},{"taxonomy":"product_cat","embeddable":true,"href":"https:\/\/burgers-shack.com\/de\/wp-json\/wp\/v2\/product_cat?post=9911"},{"taxonomy":"product_tag","embeddable":true,"href":"https:\/\/burgers-shack.com\/de\/wp-json\/wp\/v2\/product_tag?post=9911"}],"curies":[{"name":"wp","href":"https:\/\/api.w.org\/{rel}","templated":true}]}}