{"id":9888,"date":"2025-07-05T02:46:31","date_gmt":"2025-07-05T00:46:31","guid":{"rendered":"https:\/\/burgers-shack.com\/product\/cheesy-smash\/"},"modified":"2025-07-06T05:30:43","modified_gmt":"2025-07-06T03:30:43","slug":"cheesy-smash","status":"publish","type":"product","link":"https:\/\/burgers-shack.com\/de\/produkt\/cheesy-smash\/","title":{"rendered":"CHEESY SMASH"},"content":{"rendered":"","protected":false},"excerpt":{"rendered":"<p>H\u00e4hnchenfiletstreifen, Smashed-Burger aus Rindfleisch 3x Cheddar K\u00e4se,Bacon, Salat, KARAMELLISIERTE Zwiebel, Island-sauce, Amerikanischer Br\u00f6tchen<\/p>\n","protected":false},"featured_media":9882,"template":"","meta":{"_coblocks_attr":"","_coblocks_dimensions":"","_coblocks_responsive_height":"","_coblocks_accordion_ie_support":"","_themeisle_gutenberg_block_has_review":false},"product_brand":[],"product_cat":[135,163],"product_tag":[],"class_list":{"0":"post-9888","1":"product","2":"type-product","3":"status-publish","4":"has-post-thumbnail","6":"product_cat-burger","7":"product_cat-chicken-burger-de","9":"first","10":"instock","11":"taxable","12":"shipping-taxable","13":"purchasable","14":"product-type-simple"},"_links":{"self":[{"href":"https:\/\/burgers-shack.com\/de\/wp-json\/wp\/v2\/product\/9888","targetHints":{"allow":["GET"]}}],"collection":[{"href":"https:\/\/burgers-shack.com\/de\/wp-json\/wp\/v2\/product"}],"about":[{"href":"https:\/\/burgers-shack.com\/de\/wp-json\/wp\/v2\/types\/product"}],"wp:featuredmedia":[{"embeddable":true,"href":"https:\/\/burgers-shack.com\/de\/wp-json\/wp\/v2\/media\/9882"}],"wp:attachment":[{"href":"https:\/\/burgers-shack.com\/de\/wp-json\/wp\/v2\/media?parent=9888"}],"wp:term":[{"taxonomy":"product_brand","embeddable":true,"href":"https:\/\/burgers-shack.com\/de\/wp-json\/wp\/v2\/product_brand?post=9888"},{"taxonomy":"product_cat","embeddable":true,"href":"https:\/\/burgers-shack.com\/de\/wp-json\/wp\/v2\/product_cat?post=9888"},{"taxonomy":"product_tag","embeddable":true,"href":"https:\/\/burgers-shack.com\/de\/wp-json\/wp\/v2\/product_tag?post=9888"}],"curies":[{"name":"wp","href":"https:\/\/api.w.org\/{rel}","templated":true}]}}