{"id":8184,"date":"2024-03-13T01:49:00","date_gmt":"2024-03-12T23:49:00","guid":{"rendered":"https:\/\/burgers-shack.com\/product\/bbq-wrap\/"},"modified":"2025-07-06T06:13:59","modified_gmt":"2025-07-06T04:13:59","slug":"bbq-wrap","status":"publish","type":"product","link":"https:\/\/burgers-shack.com\/de\/produkt\/bbq-wrap\/","title":{"rendered":"BBQ WRAP"},"content":{"rendered":"","protected":false},"excerpt":{"rendered":"<p>Knusprige H\u00e4hnchenfiletstreifen, amerikanischer K\u00e4se, gedippt in BBQ-Sauce in hei\u00dfer Tortilla mit Salat, Mayonnaise<\/p>\n","protected":false},"featured_media":8755,"template":"","meta":{"_coblocks_attr":"","_coblocks_dimensions":"","_coblocks_responsive_height":"","_coblocks_accordion_ie_support":"","_themeisle_gutenberg_block_has_review":false},"product_brand":[],"product_cat":[148],"product_tag":[],"class_list":{"0":"post-8184","1":"product","2":"type-product","3":"status-publish","4":"has-post-thumbnail","6":"product_cat-rind-und-hahnchen-kebab","8":"first","9":"instock","10":"taxable","11":"shipping-taxable","12":"purchasable","13":"product-type-simple"},"_links":{"self":[{"href":"https:\/\/burgers-shack.com\/de\/wp-json\/wp\/v2\/product\/8184","targetHints":{"allow":["GET"]}}],"collection":[{"href":"https:\/\/burgers-shack.com\/de\/wp-json\/wp\/v2\/product"}],"about":[{"href":"https:\/\/burgers-shack.com\/de\/wp-json\/wp\/v2\/types\/product"}],"wp:featuredmedia":[{"embeddable":true,"href":"https:\/\/burgers-shack.com\/de\/wp-json\/wp\/v2\/media\/8755"}],"wp:attachment":[{"href":"https:\/\/burgers-shack.com\/de\/wp-json\/wp\/v2\/media?parent=8184"}],"wp:term":[{"taxonomy":"product_brand","embeddable":true,"href":"https:\/\/burgers-shack.com\/de\/wp-json\/wp\/v2\/product_brand?post=8184"},{"taxonomy":"product_cat","embeddable":true,"href":"https:\/\/burgers-shack.com\/de\/wp-json\/wp\/v2\/product_cat?post=8184"},{"taxonomy":"product_tag","embeddable":true,"href":"https:\/\/burgers-shack.com\/de\/wp-json\/wp\/v2\/product_tag?post=8184"}],"curies":[{"name":"wp","href":"https:\/\/api.w.org\/{rel}","templated":true}]}}