{"id":8065,"date":"2024-03-12T21:45:19","date_gmt":"2024-03-12T19:45:19","guid":{"rendered":"https:\/\/burgers-shack.com\/?post_type=product&#038;p=8065"},"modified":"2024-03-12T21:54:32","modified_gmt":"2024-03-12T20:54:32","slug":"boss-burger","status":"publish","type":"product","link":"https:\/\/burgers-shack.com\/de\/produkt\/boss-burger\/","title":{"rendered":"BOSS BURGER"},"content":{"rendered":"","protected":false},"excerpt":{"rendered":"<p>Single-Beef-Smash-Burger, geschmolzener amerikanischer K\u00e4se, Salat, Tomate, Zwiebel, Gew\u00fcrzgurken, BBQ-Sauce, getoastetes Br\u00f6tchen.<\/p>\n","protected":false},"featured_media":8743,"template":"","meta":{"_coblocks_attr":"","_coblocks_dimensions":"","_coblocks_responsive_height":"","_coblocks_accordion_ie_support":"","_themeisle_gutenberg_block_has_review":false},"product_brand":[],"product_cat":[135,166],"product_tag":[],"class_list":{"0":"post-8065","1":"product","2":"type-product","3":"status-publish","4":"has-post-thumbnail","6":"product_cat-burger","7":"product_cat-fleischburger","9":"first","10":"instock","11":"taxable","12":"shipping-taxable","13":"purchasable","14":"product-type-simple"},"_links":{"self":[{"href":"https:\/\/burgers-shack.com\/de\/wp-json\/wp\/v2\/product\/8065","targetHints":{"allow":["GET"]}}],"collection":[{"href":"https:\/\/burgers-shack.com\/de\/wp-json\/wp\/v2\/product"}],"about":[{"href":"https:\/\/burgers-shack.com\/de\/wp-json\/wp\/v2\/types\/product"}],"wp:featuredmedia":[{"embeddable":true,"href":"https:\/\/burgers-shack.com\/de\/wp-json\/wp\/v2\/media\/8743"}],"wp:attachment":[{"href":"https:\/\/burgers-shack.com\/de\/wp-json\/wp\/v2\/media?parent=8065"}],"wp:term":[{"taxonomy":"product_brand","embeddable":true,"href":"https:\/\/burgers-shack.com\/de\/wp-json\/wp\/v2\/product_brand?post=8065"},{"taxonomy":"product_cat","embeddable":true,"href":"https:\/\/burgers-shack.com\/de\/wp-json\/wp\/v2\/product_cat?post=8065"},{"taxonomy":"product_tag","embeddable":true,"href":"https:\/\/burgers-shack.com\/de\/wp-json\/wp\/v2\/product_tag?post=8065"}],"curies":[{"name":"wp","href":"https:\/\/api.w.org\/{rel}","templated":true}]}}