{"id":7396,"date":"2023-07-30T01:42:24","date_gmt":"2023-07-29T23:42:24","guid":{"rendered":"https:\/\/burgers-shack.com\/product\/jack-daddy-burger\/"},"modified":"2023-07-30T01:42:24","modified_gmt":"2023-07-29T23:42:24","slug":"jack-daddy-burger","status":"publish","type":"product","link":"https:\/\/burgers-shack.com\/de\/produkt\/jack-daddy-burger\/","title":{"rendered":"JACK-DADDY-BURGER"},"content":{"rendered":"","protected":false},"excerpt":{"rendered":"<p>Doppelter Rindfleisch-Burger, geschmolzener amerikanischer K\u00e4se, Salat, Tomaten, Zwiebeln, Gew\u00fcrzgurken, Burgers Shack-Sauce, getoastetes Br\u00f6tchen.<\/p>\n","protected":false},"featured_media":10147,"template":"","meta":{"_coblocks_attr":"","_coblocks_dimensions":"","_coblocks_responsive_height":"","_coblocks_accordion_ie_support":"","_themeisle_gutenberg_block_has_review":false},"product_brand":[],"product_cat":[135,166],"product_tag":[],"class_list":{"0":"post-7396","1":"product","2":"type-product","3":"status-publish","4":"has-post-thumbnail","6":"product_cat-burger","7":"product_cat-fleischburger","9":"first","10":"instock","11":"taxable","12":"shipping-taxable","13":"purchasable","14":"product-type-simple"},"_links":{"self":[{"href":"https:\/\/burgers-shack.com\/de\/wp-json\/wp\/v2\/product\/7396","targetHints":{"allow":["GET"]}}],"collection":[{"href":"https:\/\/burgers-shack.com\/de\/wp-json\/wp\/v2\/product"}],"about":[{"href":"https:\/\/burgers-shack.com\/de\/wp-json\/wp\/v2\/types\/product"}],"wp:featuredmedia":[{"embeddable":true,"href":"https:\/\/burgers-shack.com\/de\/wp-json\/wp\/v2\/media\/10147"}],"wp:attachment":[{"href":"https:\/\/burgers-shack.com\/de\/wp-json\/wp\/v2\/media?parent=7396"}],"wp:term":[{"taxonomy":"product_brand","embeddable":true,"href":"https:\/\/burgers-shack.com\/de\/wp-json\/wp\/v2\/product_brand?post=7396"},{"taxonomy":"product_cat","embeddable":true,"href":"https:\/\/burgers-shack.com\/de\/wp-json\/wp\/v2\/product_cat?post=7396"},{"taxonomy":"product_tag","embeddable":true,"href":"https:\/\/burgers-shack.com\/de\/wp-json\/wp\/v2\/product_tag?post=7396"}],"curies":[{"name":"wp","href":"https:\/\/api.w.org\/{rel}","templated":true}]}}