{"id":7389,"date":"2023-07-30T01:44:07","date_gmt":"2023-07-29T23:44:07","guid":{"rendered":"https:\/\/burgers-shack.com\/product\/donner-smash\/"},"modified":"2023-07-30T01:44:07","modified_gmt":"2023-07-29T23:44:07","slug":"donner-smash","status":"publish","type":"product","link":"https:\/\/burgers-shack.com\/de\/produkt\/donner-smash\/","title":{"rendered":"DONNER SMASH"},"content":{"rendered":"","protected":false},"excerpt":{"rendered":"<p>Burger aus zerkleinertem Rindfleisch, hausgemachter D\u00f6nerspie\u00df, geschmolzener amerikanischer K\u00e4se, Burgers Shack-Sauce, Salat, getoastetes Br\u00f6tchen, Zwiebel.<\/p>\n","protected":false},"featured_media":7727,"template":"","meta":{"_coblocks_attr":"","_coblocks_dimensions":"","_coblocks_responsive_height":"","_coblocks_accordion_ie_support":"","_themeisle_gutenberg_block_has_review":false},"product_brand":[],"product_cat":[135,166],"product_tag":[],"class_list":{"0":"post-7389","1":"product","2":"type-product","3":"status-publish","4":"has-post-thumbnail","6":"product_cat-burger","7":"product_cat-fleischburger","9":"first","10":"instock","11":"taxable","12":"shipping-taxable","13":"purchasable","14":"product-type-simple"},"_links":{"self":[{"href":"https:\/\/burgers-shack.com\/de\/wp-json\/wp\/v2\/product\/7389","targetHints":{"allow":["GET"]}}],"collection":[{"href":"https:\/\/burgers-shack.com\/de\/wp-json\/wp\/v2\/product"}],"about":[{"href":"https:\/\/burgers-shack.com\/de\/wp-json\/wp\/v2\/types\/product"}],"wp:featuredmedia":[{"embeddable":true,"href":"https:\/\/burgers-shack.com\/de\/wp-json\/wp\/v2\/media\/7727"}],"wp:attachment":[{"href":"https:\/\/burgers-shack.com\/de\/wp-json\/wp\/v2\/media?parent=7389"}],"wp:term":[{"taxonomy":"product_brand","embeddable":true,"href":"https:\/\/burgers-shack.com\/de\/wp-json\/wp\/v2\/product_brand?post=7389"},{"taxonomy":"product_cat","embeddable":true,"href":"https:\/\/burgers-shack.com\/de\/wp-json\/wp\/v2\/product_cat?post=7389"},{"taxonomy":"product_tag","embeddable":true,"href":"https:\/\/burgers-shack.com\/de\/wp-json\/wp\/v2\/product_tag?post=7389"}],"curies":[{"name":"wp","href":"https:\/\/api.w.org\/{rel}","templated":true}]}}