{"id":7350,"date":"2023-08-26T22:33:40","date_gmt":"2023-08-26T20:33:40","guid":{"rendered":"https:\/\/burgers-shack.com\/product\/haehnchen-kebab-sandwich\/"},"modified":"2025-07-06T06:26:07","modified_gmt":"2025-07-06T04:26:07","slug":"panino-kebab-pollo","status":"publish","type":"product","link":"https:\/\/burgers-shack.com\/de\/produkt\/panino-kebab-pollo\/","title":{"rendered":"GEW\u00dcRZTER H\u00c4HNCHEN-WRAP"},"content":{"rendered":"","protected":false},"excerpt":{"rendered":"<p>Knusprige H\u00e4hnchenfiletstreifen, amerikanischer K\u00e4se, jalape\u00f1o grigliati gedippt in PERI-PERI-Sauce in hei\u00dfer Tortilla mit Salat, Mayonnaise<\/p>\n","protected":false},"featured_media":8803,"template":"","meta":{"_coblocks_attr":"","_coblocks_dimensions":"","_coblocks_responsive_height":"","_coblocks_accordion_ie_support":"","_themeisle_gutenberg_block_has_review":false},"product_brand":[],"product_cat":[148],"product_tag":[],"class_list":{"0":"post-7350","1":"product","2":"type-product","3":"status-publish","4":"has-post-thumbnail","6":"product_cat-rind-und-hahnchen-kebab","8":"first","9":"instock","10":"taxable","11":"shipping-taxable","12":"purchasable","13":"product-type-simple"},"_links":{"self":[{"href":"https:\/\/burgers-shack.com\/de\/wp-json\/wp\/v2\/product\/7350","targetHints":{"allow":["GET"]}}],"collection":[{"href":"https:\/\/burgers-shack.com\/de\/wp-json\/wp\/v2\/product"}],"about":[{"href":"https:\/\/burgers-shack.com\/de\/wp-json\/wp\/v2\/types\/product"}],"wp:featuredmedia":[{"embeddable":true,"href":"https:\/\/burgers-shack.com\/de\/wp-json\/wp\/v2\/media\/8803"}],"wp:attachment":[{"href":"https:\/\/burgers-shack.com\/de\/wp-json\/wp\/v2\/media?parent=7350"}],"wp:term":[{"taxonomy":"product_brand","embeddable":true,"href":"https:\/\/burgers-shack.com\/de\/wp-json\/wp\/v2\/product_brand?post=7350"},{"taxonomy":"product_cat","embeddable":true,"href":"https:\/\/burgers-shack.com\/de\/wp-json\/wp\/v2\/product_cat?post=7350"},{"taxonomy":"product_tag","embeddable":true,"href":"https:\/\/burgers-shack.com\/de\/wp-json\/wp\/v2\/product_tag?post=7350"}],"curies":[{"name":"wp","href":"https:\/\/api.w.org\/{rel}","templated":true}]}}