{"id":7348,"date":"2023-08-23T07:04:12","date_gmt":"2023-08-23T05:04:12","guid":{"rendered":"https:\/\/burgers-shack.com\/product\/barbeque-jerk\/"},"modified":"2023-08-23T07:04:12","modified_gmt":"2023-08-23T05:04:12","slug":"barbecue-ruck","status":"publish","type":"product","link":"https:\/\/burgers-shack.com\/de\/produkt\/barbecue-ruck\/","title":{"rendered":"BARBEQUE JERK"},"content":{"rendered":"","protected":false},"excerpt":{"rendered":"<p>Jamaikanische Jerk-Marinade, mit perfekter Balance von Sch\u00e4rfe, S\u00fc\u00dfe und W\u00fcrze!<\/p>\n","protected":false},"featured_media":8892,"template":"","meta":{"_coblocks_attr":"","_coblocks_dimensions":"","_coblocks_responsive_height":"","_coblocks_accordion_ie_support":"","_themeisle_gutenberg_block_has_review":false},"product_brand":[],"product_cat":[152],"product_tag":[],"class_list":{"0":"post-7348","1":"product","2":"type-product","3":"status-publish","4":"has-post-thumbnail","6":"product_cat-gefullte-chips-oder-reis","8":"first","9":"instock","10":"taxable","11":"shipping-taxable","12":"purchasable","13":"product-type-simple"},"_links":{"self":[{"href":"https:\/\/burgers-shack.com\/de\/wp-json\/wp\/v2\/product\/7348","targetHints":{"allow":["GET"]}}],"collection":[{"href":"https:\/\/burgers-shack.com\/de\/wp-json\/wp\/v2\/product"}],"about":[{"href":"https:\/\/burgers-shack.com\/de\/wp-json\/wp\/v2\/types\/product"}],"wp:featuredmedia":[{"embeddable":true,"href":"https:\/\/burgers-shack.com\/de\/wp-json\/wp\/v2\/media\/8892"}],"wp:attachment":[{"href":"https:\/\/burgers-shack.com\/de\/wp-json\/wp\/v2\/media?parent=7348"}],"wp:term":[{"taxonomy":"product_brand","embeddable":true,"href":"https:\/\/burgers-shack.com\/de\/wp-json\/wp\/v2\/product_brand?post=7348"},{"taxonomy":"product_cat","embeddable":true,"href":"https:\/\/burgers-shack.com\/de\/wp-json\/wp\/v2\/product_cat?post=7348"},{"taxonomy":"product_tag","embeddable":true,"href":"https:\/\/burgers-shack.com\/de\/wp-json\/wp\/v2\/product_tag?post=7348"}],"curies":[{"name":"wp","href":"https:\/\/api.w.org\/{rel}","templated":true}]}}