{"id":7336,"date":"2023-07-30T01:49:46","date_gmt":"2023-07-29T23:49:46","guid":{"rendered":"https:\/\/burgers-shack.com\/product\/spicy-burger\/"},"modified":"2023-07-30T01:49:46","modified_gmt":"2023-07-29T23:49:46","slug":"gewurz-burger","status":"publish","type":"product","link":"https:\/\/burgers-shack.com\/de\/produkt\/gewurz-burger\/","title":{"rendered":"SPICY BURGER"},"content":{"rendered":"","protected":false},"excerpt":{"rendered":"<p>Knusprige H\u00e4hnchenfiletstreifen getaucht in unserem<br \/>\nBurgers Shack Ber\u00fchmte hausgemachte scharfe So\u00dfe, K\u00e4se<br \/>\nAmerikanisch, Kopfsalat, Mayonnaise<\/p>\n","protected":false},"featured_media":7337,"template":"","meta":{"_coblocks_attr":"","_coblocks_dimensions":"","_coblocks_responsive_height":"","_coblocks_accordion_ie_support":"","_themeisle_gutenberg_block_has_review":false},"product_brand":[],"product_cat":[135,163],"product_tag":[],"class_list":{"0":"post-7336","1":"product","2":"type-product","3":"status-publish","4":"has-post-thumbnail","6":"product_cat-burger","7":"product_cat-chicken-burger-de","9":"first","10":"instock","11":"taxable","12":"shipping-taxable","13":"purchasable","14":"product-type-simple"},"_links":{"self":[{"href":"https:\/\/burgers-shack.com\/de\/wp-json\/wp\/v2\/product\/7336","targetHints":{"allow":["GET"]}}],"collection":[{"href":"https:\/\/burgers-shack.com\/de\/wp-json\/wp\/v2\/product"}],"about":[{"href":"https:\/\/burgers-shack.com\/de\/wp-json\/wp\/v2\/types\/product"}],"wp:featuredmedia":[{"embeddable":true,"href":"https:\/\/burgers-shack.com\/de\/wp-json\/wp\/v2\/media\/7337"}],"wp:attachment":[{"href":"https:\/\/burgers-shack.com\/de\/wp-json\/wp\/v2\/media?parent=7336"}],"wp:term":[{"taxonomy":"product_brand","embeddable":true,"href":"https:\/\/burgers-shack.com\/de\/wp-json\/wp\/v2\/product_brand?post=7336"},{"taxonomy":"product_cat","embeddable":true,"href":"https:\/\/burgers-shack.com\/de\/wp-json\/wp\/v2\/product_cat?post=7336"},{"taxonomy":"product_tag","embeddable":true,"href":"https:\/\/burgers-shack.com\/de\/wp-json\/wp\/v2\/product_tag?post=7336"}],"curies":[{"name":"wp","href":"https:\/\/api.w.org\/{rel}","templated":true}]}}