{"id":10004,"date":"2025-07-05T06:15:59","date_gmt":"2025-07-05T04:15:59","guid":{"rendered":"https:\/\/burgers-shack.com\/product\/t-fillet\/"},"modified":"2025-07-05T06:15:59","modified_gmt":"2025-07-05T04:15:59","slug":"t-fillet","status":"publish","type":"product","link":"https:\/\/burgers-shack.com\/de\/produkt\/t-fillet\/","title":{"rendered":"T FILLET"},"content":{"rendered":"","protected":false},"excerpt":{"rendered":"<p id=\"tw-target-text\" class=\"tw-data-text tw-text-large tw-ta\" dir=\"ltr\" data-placeholder=\"Translation\" data-ved=\"2ahUKEwiysbfouaSOAxW3QvEDHT1sCqkQ3ewLegQICRAV\" aria-label=\"Translated text: Crispy chicken fillet strips, American cheese, caramelized onion, and Island sauce Crispy chicken fillet strips, American cheese, lettuce, and caramelized onion with Island sauce\"><span class=\"Y2IQFc\" lang=\"en\">Knusprige H\u00e4hnchenfiletstreifen, amerikanischer K\u00e4se, karamellisierte Zwiebel und Island-Sauce Knusprige H\u00e4hnchenfiletstreifen, amerikanischer K\u00e4se, Salat und karamellisierte Zwiebel mit Island-Sauce<\/span><\/p>\n","protected":false},"featured_media":10000,"template":"","meta":{"_coblocks_attr":"","_coblocks_dimensions":"","_coblocks_responsive_height":"","_coblocks_accordion_ie_support":"","_themeisle_gutenberg_block_has_review":false},"product_brand":[],"product_cat":[135,163],"product_tag":[],"class_list":{"0":"post-10004","1":"product","2":"type-product","3":"status-publish","4":"has-post-thumbnail","6":"product_cat-burger","7":"product_cat-chicken-burger-de","9":"first","10":"instock","11":"taxable","12":"shipping-taxable","13":"purchasable","14":"product-type-simple"},"_links":{"self":[{"href":"https:\/\/burgers-shack.com\/de\/wp-json\/wp\/v2\/product\/10004","targetHints":{"allow":["GET"]}}],"collection":[{"href":"https:\/\/burgers-shack.com\/de\/wp-json\/wp\/v2\/product"}],"about":[{"href":"https:\/\/burgers-shack.com\/de\/wp-json\/wp\/v2\/types\/product"}],"wp:featuredmedia":[{"embeddable":true,"href":"https:\/\/burgers-shack.com\/de\/wp-json\/wp\/v2\/media\/10000"}],"wp:attachment":[{"href":"https:\/\/burgers-shack.com\/de\/wp-json\/wp\/v2\/media?parent=10004"}],"wp:term":[{"taxonomy":"product_brand","embeddable":true,"href":"https:\/\/burgers-shack.com\/de\/wp-json\/wp\/v2\/product_brand?post=10004"},{"taxonomy":"product_cat","embeddable":true,"href":"https:\/\/burgers-shack.com\/de\/wp-json\/wp\/v2\/product_cat?post=10004"},{"taxonomy":"product_tag","embeddable":true,"href":"https:\/\/burgers-shack.com\/de\/wp-json\/wp\/v2\/product_tag?post=10004"}],"curies":[{"name":"wp","href":"https:\/\/api.w.org\/{rel}","templated":true}]}}